{"id":64,"date":"2013-02-17T19:33:27","date_gmt":"2013-02-17T19:33:27","guid":{"rendered":"http:\/\/bandodeirmaos.com\/?page_id=64"},"modified":"2013-02-17T22:18:57","modified_gmt":"2013-02-17T22:18:57","slug":"paintball","status":"publish","type":"page","link":"http:\/\/bandodeirmaos.com\/?page_id=64","title":{"rendered":"Paintball"},"content":{"rendered":"<p><strong>O que \u00e9 Paintball?<\/strong><br \/>\nO Paintball foi criado nos Estados Unidos \u00e0 cerca de 25 anos. Originalmente, os marcadores de tinta serviam para marcar gado e \u00e1rvores, mas rapidamente se adaptaram para se poder efectuar jogos com eles. O material b\u00e1sico para jogar \u00e9 o marcador, m\u00e1scara e bolas de tinta.<br \/>\nO marcador consiste num conjunto de garrafa de ar, carregador de bolas de tinta e disparador das mesmas. As bolas s\u00e3o lan\u00e7adas a uma velocidade inferior a 300 p\u00e9s\/segundo, tendo um alcance m\u00e1ximo de cerca de 50 a 60 metros.<br \/>\nA m\u00e1scara \u00e9 uma protec\u00e7\u00e3o obrigat\u00f3ria a todos os praticantes, pois protege toda a zona da face, especialmente os olhos.<br \/>\nAs bolas de tinta s\u00e3o constitu\u00eddas por uma c\u00e1psula de gelatina hidrossol\u00favel e por uma tinta gelatinosa, ambas biodegrad\u00e1veis n\u00e3o constituem um meio de polui\u00e7\u00e3o.<br \/>\nO Paintball joga-se com base em objectivos que passam sempre por eliminar os advers\u00e1rios com um impacto e uma marca de tinta com o tamanho de uma moeda de um euro.<br \/>\n\u00c9 um desporto no qual n\u00e3o existe contacto f\u00edsico, at\u00e9 porque tem regras que devem ser cumpridas de modo ao jogo decorrer sem perigo para os seus intervenientes.<br \/>\nA regra principal, e comum a qualquer tipo ou vertente deste desporto \u00e9, NUNCA tirar em campo de jogo a m\u00e1scara de utiliza\u00e7\u00e3o obrigat\u00f3ria.<br \/>\nPaintball \u00e9 um dos desportos com o recorde mais baixo de acidentes. Considerado um desporto de &#8220;baixo risco&#8221;, segundo a NEISS (National Electronic Injury Surveillance System), um organismo do governo federal Americano de protec\u00e7\u00e3o e seguran\u00e7a do consumidor.<br \/>\nPara se passar uns bons momentos n\u00e3o h\u00e1 nada como jogar paintball em Harmonia com o ambiente, Conv\u00edvio com os amigos e muito Fairplay.<\/p>\n<p><strong>What is Paintball?<\/strong><br \/>\nPaintball was born in the USA 25 years ago. First, the Paintguns were used to mark cattle and trees, but soon it was adapted to be handled as a playing instrument. The basic material to play Paintball is a Paintgun, a mask and Paintballs.<br \/>\nThe Paintgun is composed by a bottle filled with compressed air, a loader with paintballs and the device to shoot them. The balls are fired at a speed under 300 feet\/second, and can reach 50 or 60 meters.<br \/>\nThe mask is the most important protection that all players must use, because it fully protects the face and specially the eyes.<br \/>\nThe paintballs are made of water soluble gelatine and gel paint both biodegradable and non-pollutant.<br \/>\nThe main goal of the game is to eliminate the opponents with a paint mark as big as a 1 Euro coin.<br \/>\nIt\u2019s a kind of sport where there is no physical contact, and all the rules must be strictly followed so that the game causes no danger or injuries to all the players.<br \/>\nThe main rule common to all this kind of sports is NEVER to take off the mask while playing.<br \/>\nPaintball is one of the sports with the lowest accident record. According to the NEISS (National Electronic Injury Surveillance System), a federal US government organization that controls the consumer\u2019s protection and security, this is considered to be a low risk sport.<br \/>\nIf you want to have a good time, there is nothing like playing Paintball with your friends in a friendly and safe environment where Fairplay rules.<\/p>\n","protected":false},"excerpt":{"rendered":"<p>O que \u00e9 Paintball? O Paintball foi criado nos Estados Unidos \u00e0 cerca de 25 anos. Originalmente, os marcadores de tinta serviam para marcar gado e \u00e1rvores, mas rapidamente se adaptaram para se poder efectuar jogos com eles. O material b\u00e1sico para jogar \u00e9 o marcador, m\u00e1scara e bolas de tinta. O marcador consiste num [&hellip;]<\/p>\n","protected":false},"author":2,"featured_media":0,"parent":0,"menu_order":1,"comment_status":"open","ping_status":"open","template":"","meta":[],"_links":{"self":[{"href":"http:\/\/bandodeirmaos.com\/index.php?rest_route=\/wp\/v2\/pages\/64"}],"collection":[{"href":"http:\/\/bandodeirmaos.com\/index.php?rest_route=\/wp\/v2\/pages"}],"about":[{"href":"http:\/\/bandodeirmaos.com\/index.php?rest_route=\/wp\/v2\/types\/page"}],"author":[{"embeddable":true,"href":"http:\/\/bandodeirmaos.com\/index.php?rest_route=\/wp\/v2\/users\/2"}],"replies":[{"embeddable":true,"href":"http:\/\/bandodeirmaos.com\/index.php?rest_route=%2Fwp%2Fv2%2Fcomments&post=64"}],"version-history":[{"count":3,"href":"http:\/\/bandodeirmaos.com\/index.php?rest_route=\/wp\/v2\/pages\/64\/revisions"}],"predecessor-version":[{"id":98,"href":"http:\/\/bandodeirmaos.com\/index.php?rest_route=\/wp\/v2\/pages\/64\/revisions\/98"}],"wp:attachment":[{"href":"http:\/\/bandodeirmaos.com\/index.php?rest_route=%2Fwp%2Fv2%2Fmedia&parent=64"}],"curies":[{"name":"wp","href":"https:\/\/api.w.org\/{rel}","templated":true}]}}